{"id":662,"date":"2020-05-12T11:04:09","date_gmt":"2020-05-12T11:04:09","guid":{"rendered":"http:\/\/skarpowicz.relacje.hostingasp.pl\/?page_id=662"},"modified":"2020-05-12T11:04:09","modified_gmt":"2020-05-12T11:04:09","slug":"preface-to-the-slawomir-karpowicz-exhibition-catalogue-by-adam-brincken","status":"publish","type":"page","link":"https:\/\/slawomirkarpowicz.pl\/en\/texts\/preface-to-the-slawomir-karpowicz-exhibition-catalogue-by-adam-brincken\/","title":{"rendered":"Preface to the \u2018S\u0142awomir Karpowicz\u2019 exhibition catalogue by Adam Brincken"},"content":{"rendered":"<p>Academy of Fine Arts Painting Gallery, 2004<\/p>\n<p><!--more--><\/p>\n<p>The exhibition of works by S\u0142awomir Karpowicz opens the second season of the Krak\u00f3w Academy of Fine Arts Painting Gallery. In a way this gallery was created by S\u0142awek, who claimed that closeness to works of art is one of the primary elements of teaching. Displaying paintings is a means to meet the artist who as recently as two years ago was among us, who painted and taught, and who is now sorely missed. This exhibition is an appropriate moment to \u2018ask the author\u2019 about the source of the great power of his painting.<\/p>\n<p>Is this about the motifs? The still lives, landscapes, self-portraits? Rather not. Karpowicz draws with force; he delineates objects, stairs and spaces, the structures of his paintings. From deep and dark tones he pulls out, with screaming colours, unexpected fragments, surprising arrangements of images as if turning everything inside out multiple times. As a result, what is hardly recognisable ceases to be real and the plane of the background \u2013 a wall or curtain, the border of wood panelling and wallpaper \u2013 turns into a landscape, stretched horizontally with pulsing light or shaky like the late \u2018Japanese Gardens\u2019 by Monet. In \u2018The Geometry Lesson\u2019 and \u2018The Anatomy Lesson\u2019 there is crowded space on a plane with rhythmically arranged figures.<\/p>\n<p>When one looks closely at a single element, multiplicity is replaced by substance and gesture. Karpowicz\u2019s painting contains both the Frenchness of Braque\u2019s and the dark, ravenous, poetic temperament of Spanish art. Deriving inspiration from this tradition gave S\u0142awek the power and joy of painting as well as faith in the point of painting, a faith which he himself promoted, while now his paintings do so.<\/p>\n<p>Adam Brincken<\/p>\n<p><i>Painter, draughtsman, Professor the Krak\u00f3w Academy of Fine Arts<\/i><\/p>\n<p>Exhibition catalogue: <a href=\"https:\/\/issuu.com\/tomami\/docs\/karpowicz\" target=\"_blank\" rel=\"noopener noreferrer\">issuu.com\/tomami\/docs\/karpowicz<\/a><\/p>\n","protected":false},"excerpt":{"rendered":"<p>Academy of Fine Arts Painting Gallery, 2004<\/p>\n","protected":false},"author":1,"featured_media":0,"parent":23,"menu_order":40,"comment_status":"closed","ping_status":"closed","template":"","meta":{"footnotes":""},"class_list":["post-662","page","type-page","status-publish","hentry"],"_links":{"self":[{"href":"https:\/\/slawomirkarpowicz.pl\/en\/wp-json\/wp\/v2\/pages\/662","targetHints":{"allow":["GET"]}}],"collection":[{"href":"https:\/\/slawomirkarpowicz.pl\/en\/wp-json\/wp\/v2\/pages"}],"about":[{"href":"https:\/\/slawomirkarpowicz.pl\/en\/wp-json\/wp\/v2\/types\/page"}],"author":[{"embeddable":true,"href":"https:\/\/slawomirkarpowicz.pl\/en\/wp-json\/wp\/v2\/users\/1"}],"replies":[{"embeddable":true,"href":"https:\/\/slawomirkarpowicz.pl\/en\/wp-json\/wp\/v2\/comments?post=662"}],"version-history":[{"count":1,"href":"https:\/\/slawomirkarpowicz.pl\/en\/wp-json\/wp\/v2\/pages\/662\/revisions"}],"predecessor-version":[{"id":663,"href":"https:\/\/slawomirkarpowicz.pl\/en\/wp-json\/wp\/v2\/pages\/662\/revisions\/663"}],"up":[{"embeddable":true,"href":"https:\/\/slawomirkarpowicz.pl\/en\/wp-json\/wp\/v2\/pages\/23"}],"wp:attachment":[{"href":"https:\/\/slawomirkarpowicz.pl\/en\/wp-json\/wp\/v2\/media?parent=662"}],"curies":[{"name":"wp","href":"https:\/\/api.w.org\/{rel}","templated":true}]}}